{"id":54,"date":"2019-08-14T15:25:41","date_gmt":"2019-08-14T13:25:41","guid":{"rendered":"https:\/\/nicksoft.ch\/knete\/home\/"},"modified":"2024-02-06T13:41:08","modified_gmt":"2024-02-06T12:41:08","slug":"home","status":"publish","type":"page","link":"https:\/\/nicksoft.ch\/knete\/home\/","title":{"rendered":"Knetbude"},"content":{"rendered":"\t\t<div data-elementor-type=\"wp-post\" data-elementor-id=\"54\" class=\"elementor elementor-54\">\n\t\t\t\t\t\t<section class=\"elementor-section elementor-top-section elementor-element elementor-element-95bc572 elementor-section-boxed elementor-section-height-default elementor-section-height-default\" data-id=\"95bc572\" data-element_type=\"section\">\n\t\t\t\t\t\t<div class=\"elementor-container elementor-column-gap-default\">\n\t\t\t\t\t<div class=\"elementor-column elementor-col-100 elementor-top-column elementor-element elementor-element-76a0f82\" data-id=\"76a0f82\" data-element_type=\"column\">\n\t\t\t<div class=\"elementor-widget-wrap elementor-element-populated\">\n\t\t\t\t\t\t<div class=\"elementor-element elementor-element-734df86 elementor-widget elementor-widget-text-editor\" data-id=\"734df86\" data-element_type=\"widget\" data-widget_type=\"text-editor.default\">\n\t\t\t\t<div class=\"elementor-widget-container\">\n\t\t\t\t\t\t\t\t\t<p><span style=\"font-size: inherit;\"><b>nicksoft<\/b> &#8222;knetet&#8220; vorallem mit <b>Filemaker<\/b>. Dieser klebt &amp; knetet sich auch gut mit anderer Software.\u00a0<\/span><span style=\"font-size: inherit;\">Einige Beispiele<\/span><\/p><ul><li><b>Teamkalender<\/b> mit <b>ba\u00efkal<\/b> calDAV Kalenderserver, verkn\u00fcpft mit Filemaker<\/li><li><span style=\"font-size: inherit;\"><b>Hosting<\/b> von Filemaker Server auf\u00a0<\/span><span style=\"font-size: inherit;\"><b>Linux Ubuntu<\/b> Server<\/span><\/li><li><span style=\"font-size: inherit;\">Rufnummern VoIP <b>3CX<\/b> <b>Telefon<\/b> ab Filemaker Adressdatenbank (Win)<\/span><\/li><\/ul>\t\t\t\t\t\t\t\t<\/div>\n\t\t\t\t<\/div>\n\t\t\t\t\t<\/div>\n\t\t<\/div>\n\t\t\t\t\t<\/div>\n\t\t<\/section>\n\t\t\t\t<section class=\"elementor-section elementor-top-section elementor-element elementor-element-93e03d2 elementor-section-boxed elementor-section-height-default elementor-section-height-default\" data-id=\"93e03d2\" data-element_type=\"section\">\n\t\t\t\t\t\t<div class=\"elementor-container elementor-column-gap-default\">\n\t\t\t\t\t<div class=\"elementor-column elementor-col-33 elementor-top-column elementor-element elementor-element-a2a6fa6\" data-id=\"a2a6fa6\" data-element_type=\"column\">\n\t\t\t<div class=\"elementor-widget-wrap elementor-element-populated\">\n\t\t\t\t\t\t<div class=\"elementor-element elementor-element-8c323da elementor-widget elementor-widget-image\" data-id=\"8c323da\" data-element_type=\"widget\" data-widget_type=\"image.default\">\n\t\t\t\t<div class=\"elementor-widget-container\">\n\t\t\t\t\t\t\t\t\t\t\t\t\t\t\t<img decoding=\"async\" width=\"150\" height=\"150\" src=\"https:\/\/nicksoft.ch\/wp-content\/uploads\/2024\/02\/logo-baikal-150x150.png\" class=\"attachment-thumbnail size-thumbnail wp-image-4398\" alt=\"\" srcset=\"https:\/\/nicksoft.ch\/wp-content\/uploads\/2024\/02\/logo-baikal-150x150.png 150w, https:\/\/nicksoft.ch\/wp-content\/uploads\/2024\/02\/logo-baikal-300x300.png 300w, https:\/\/nicksoft.ch\/wp-content\/uploads\/2024\/02\/logo-baikal-768x768.png 768w, https:\/\/nicksoft.ch\/wp-content\/uploads\/2024\/02\/logo-baikal.png 811w\" sizes=\"(max-width: 150px) 100vw, 150px\" \/>\t\t\t\t\t\t\t\t\t\t\t\t\t\t\t<\/div>\n\t\t\t\t<\/div>\n\t\t\t\t\t<\/div>\n\t\t<\/div>\n\t\t\t\t<div class=\"elementor-column elementor-col-33 elementor-top-column elementor-element elementor-element-818ebc6\" data-id=\"818ebc6\" data-element_type=\"column\">\n\t\t\t<div class=\"elementor-widget-wrap elementor-element-populated\">\n\t\t\t\t\t\t<div class=\"elementor-element elementor-element-f304685 elementor-widget elementor-widget-image\" data-id=\"f304685\" data-element_type=\"widget\" data-widget_type=\"image.default\">\n\t\t\t\t<div class=\"elementor-widget-container\">\n\t\t\t\t\t\t\t\t\t\t\t\t\t\t\t<img fetchpriority=\"high\" decoding=\"async\" width=\"314\" height=\"160\" src=\"https:\/\/nicksoft.ch\/wp-content\/uploads\/2021\/09\/Unknown.png\" class=\"attachment-large size-large wp-image-4367\" alt=\"\" srcset=\"https:\/\/nicksoft.ch\/wp-content\/uploads\/2021\/09\/Unknown.png 314w, https:\/\/nicksoft.ch\/wp-content\/uploads\/2021\/09\/Unknown-300x153.png 300w\" sizes=\"(max-width: 314px) 100vw, 314px\" \/>\t\t\t\t\t\t\t\t\t\t\t\t\t\t\t<\/div>\n\t\t\t\t<\/div>\n\t\t\t\t\t<\/div>\n\t\t<\/div>\n\t\t\t\t<div class=\"elementor-column elementor-col-33 elementor-top-column elementor-element elementor-element-763017d\" data-id=\"763017d\" data-element_type=\"column\">\n\t\t\t<div class=\"elementor-widget-wrap elementor-element-populated\">\n\t\t\t\t\t\t<div class=\"elementor-element elementor-element-1055ec4 elementor-widget elementor-widget-image\" data-id=\"1055ec4\" data-element_type=\"widget\" data-widget_type=\"image.default\">\n\t\t\t\t<div class=\"elementor-widget-container\">\n\t\t\t\t\t\t\t\t\t\t\t\t\t\t\t<img decoding=\"async\" width=\"160\" height=\"88\" src=\"https:\/\/nicksoft.ch\/wp-content\/uploads\/2024\/02\/3cx.png\" class=\"attachment-large size-large wp-image-4401\" alt=\"\" \/>\t\t\t\t\t\t\t\t\t\t\t\t\t\t\t<\/div>\n\t\t\t\t<\/div>\n\t\t\t\t\t<\/div>\n\t\t<\/div>\n\t\t\t\t\t<\/div>\n\t\t<\/section>\n\t\t\t\t<section class=\"elementor-section elementor-top-section elementor-element elementor-element-6b4eded elementor-section-boxed elementor-section-height-default elementor-section-height-default\" data-id=\"6b4eded\" data-element_type=\"section\">\n\t\t\t\t\t\t<div class=\"elementor-container elementor-column-gap-default\">\n\t\t\t\t\t<div class=\"elementor-column elementor-col-100 elementor-top-column elementor-element elementor-element-509df1d\" data-id=\"509df1d\" data-element_type=\"column\">\n\t\t\t<div class=\"elementor-widget-wrap elementor-element-populated\">\n\t\t\t\t\t\t<div class=\"elementor-element elementor-element-1cd9154 elementor-widget elementor-widget-text-editor\" data-id=\"1cd9154\" data-element_type=\"widget\" data-widget_type=\"text-editor.default\">\n\t\t\t\t<div class=\"elementor-widget-container\">\n\t\t\t\t\t\t\t\t\t<p><strong style=\"caret-color: #000000; color: #000000; font-size: 16px;\"><br><\/strong><\/p><p><strong style=\"caret-color: #000000; color: #000000; font-size: 16px;\">by nicksoft chl\u00e4bt &amp; l\u00e4bt de Chn\u00e4t!<\/strong><\/p>\t\t\t\t\t\t\t\t<\/div>\n\t\t\t\t<\/div>\n\t\t\t\t\t<\/div>\n\t\t<\/div>\n\t\t\t\t\t<\/div>\n\t\t<\/section>\n\t\t\t\t<\/div>\n\t\t","protected":false},"excerpt":{"rendered":"<p>nicksoft &#8222;knetet&#8220; vorallem mit Filemaker. Dieser klebt &amp; knetet sich auch gut mit anderer Software.\u00a0Einige Beispiele Teamkalender mit ba\u00efkal calDAV Kalenderserver, verkn\u00fcpft mit Filemaker Hosting von Filemaker Server auf\u00a0Linux Ubuntu Server Rufnummern VoIP 3CX Telefon ab Filemaker Adressdatenbank (Win) by nicksoft chl\u00e4bt &amp; l\u00e4bt de Chn\u00e4t!<\/p>\n","protected":false},"author":1,"featured_media":0,"parent":0,"menu_order":0,"comment_status":"closed","ping_status":"closed","template":"","meta":{"footnotes":""},"_links":{"self":[{"href":"https:\/\/nicksoft.ch\/knete\/wp-json\/wp\/v2\/pages\/54"}],"collection":[{"href":"https:\/\/nicksoft.ch\/knete\/wp-json\/wp\/v2\/pages"}],"about":[{"href":"https:\/\/nicksoft.ch\/knete\/wp-json\/wp\/v2\/types\/page"}],"author":[{"embeddable":true,"href":"https:\/\/nicksoft.ch\/knete\/wp-json\/wp\/v2\/users\/1"}],"replies":[{"embeddable":true,"href":"https:\/\/nicksoft.ch\/knete\/wp-json\/wp\/v2\/comments?post=54"}],"version-history":[{"count":41,"href":"https:\/\/nicksoft.ch\/knete\/wp-json\/wp\/v2\/pages\/54\/revisions"}],"predecessor-version":[{"id":4404,"href":"https:\/\/nicksoft.ch\/knete\/wp-json\/wp\/v2\/pages\/54\/revisions\/4404"}],"wp:attachment":[{"href":"https:\/\/nicksoft.ch\/knete\/wp-json\/wp\/v2\/media?parent=54"}],"curies":[{"name":"wp","href":"https:\/\/api.w.org\/{rel}","templated":true}]}}